{"id":15590,"date":"2025-11-07T16:06:48","date_gmt":"2025-11-07T19:06:48","guid":{"rendered":"https:\/\/www.redencuentro.org\/?page_id=15590"},"modified":"2026-03-15T14:50:44","modified_gmt":"2026-03-15T17:50:44","slug":"somos","status":"publish","type":"page","link":"https:\/\/www.redencuentro.org\/en\/somos\/","title":{"rendered":"\u00bfQuienes Somos?"},"content":{"rendered":"<div data-elementor-type=\"wp-page\" data-elementor-id=\"15590\" class=\"elementor elementor-15590\">\n\t\t\t\t\t\t<section class=\"elementor-section elementor-top-section elementor-element elementor-element-5e77606 elementor-section-boxed elementor-section-height-default elementor-section-height-default elementor-invisible\" data-id=\"5e77606\" data-element_type=\"section\" data-settings=\"{&quot;background_background&quot;:&quot;classic&quot;,&quot;animation&quot;:&quot;fadeInUp&quot;}\">\n\t\t\t\t\t\t<div class=\"elementor-container elementor-column-gap-default\">\n\t\t\t\t\t<div class=\"elementor-column elementor-col-100 elementor-top-column elementor-element elementor-element-b08e916\" data-id=\"b08e916\" data-element_type=\"column\" data-settings=\"{&quot;background_background&quot;:&quot;classic&quot;}\">\n\t\t\t<div class=\"elementor-widget-wrap elementor-element-populated\">\n\t\t\t\t\t<div class=\"elementor-background-overlay\"><\/div>\n\t\t\t\t\t\t<div class=\"elementor-element elementor-element-f216743 elementor-widget elementor-widget-heading\" data-id=\"f216743\" data-element_type=\"widget\" data-widget_type=\"heading.default\">\n\t\t\t\t<div class=\"elementor-widget-container\">\n\t\t\t\t\t<h1 class=\"elementor-heading-title elementor-size-default\">ABOUT US<\/h1>\t\t\t\t<\/div>\n\t\t\t\t<\/div>\n\t\t\t\t<div class=\"elementor-element elementor-element-6fc179e elementor-widget__width-initial elementor-widget elementor-widget-text-editor\" data-id=\"6fc179e\" data-element_type=\"widget\" data-widget_type=\"text-editor.default\">\n\t\t\t\t<div class=\"elementor-widget-container\">\n\t\t\t\t\t\t\t\t\t<p>Encuentro de Entidades No Gubernamentales para el Desarrollo \u2014known as Red Encuentro\u2014 is a second-level civil organization with more than four decades of experience promoting social, political, and community development in Argentina.<\/p>\n\n<p>Founded in 1977, during the military dictatorship, and legally established on May 19, 1984, with the return of democracy, Red Encuentro was created with the purpose of contributing to the construction of a new social and political power on democratic foundations, promoting the effective participation of popular and disadvantaged sectors in local, national, and regional decision-making spaces.<\/p>\n<p>As a federal, multi-thematic, and plural network, we bring together development and promotion institutions from across the country, articulating experiences, knowledge, and strategies around shared axes that strengthen democracy, equity, and social justice.<\/p>\n<p>Throughout our history, we have consolidated ourselves as the country\u2019s oldest network of development organizations, supporting collective and territorial processes in diverse areas.<\/p>\n<p>Currently, the areas of work we carry out in collaboration with member organizations are: youth, food cooperation, habitat, gender, public policy advocacy, and civil and political rights.<\/p>\n\t\t\t\t\t\t\t\t<\/div>\n\t\t\t\t<\/div>\n\t\t\t\t\t<\/div>\n\t\t<\/div>\n\t\t\t\t\t<\/div>\n\t\t<\/section>\n\t\t\t\t<section class=\"elementor-section elementor-top-section elementor-element elementor-element-786bf23 elementor-section-boxed elementor-section-height-default elementor-section-height-default\" data-id=\"786bf23\" data-element_type=\"section\">\n\t\t\t\t\t\t\t<div class=\"elementor-background-overlay\"><\/div>\n\t\t\t\t\t\t\t<div class=\"elementor-container elementor-column-gap-default\">\n\t\t\t\t\t<div class=\"elementor-column elementor-col-100 elementor-top-column elementor-element elementor-element-ed24437\" data-id=\"ed24437\" data-element_type=\"column\">\n\t\t\t<div class=\"elementor-widget-wrap elementor-element-populated\">\n\t\t\t\t\t\t<section class=\"elementor-section elementor-inner-section elementor-element elementor-element-6493463 elementor-section-boxed elementor-section-height-default elementor-section-height-default\" data-id=\"6493463\" data-element_type=\"section\">\n\t\t\t\t\t\t<div class=\"elementor-container elementor-column-gap-default\">\n\t\t\t\t\t<div class=\"elementor-column elementor-col-50 elementor-inner-column elementor-element elementor-element-2d85386 elementor-invisible\" data-id=\"2d85386\" data-element_type=\"column\" data-settings=\"{&quot;animation&quot;:&quot;fadeInLeft&quot;}\">\n\t\t\t<div class=\"elementor-widget-wrap elementor-element-populated\">\n\t\t\t\t\t\t<div class=\"elementor-element elementor-element-ee80f30 elementor-widget elementor-widget-heading\" data-id=\"ee80f30\" data-element_type=\"widget\" data-widget_type=\"heading.default\">\n\t\t\t\t<div class=\"elementor-widget-container\">\n\t\t\t\t\t<h2 class=\"elementor-heading-title elementor-size-default\">Mission<\/h2>\t\t\t\t<\/div>\n\t\t\t\t<\/div>\n\t\t\t\t<div class=\"elementor-element elementor-element-8c7abf7 elementor-widget elementor-widget-text-editor\" data-id=\"8c7abf7\" data-element_type=\"widget\" data-widget_type=\"text-editor.default\">\n\t\t\t\t<div class=\"elementor-widget-container\">\n\t\t\t\t\t\t\t\t\tTo contribute to democratic strengthening and inclusive development in Argentina by promoting the active participation of civil society organizations and their communities in local, national, and regional decision-making processes.\t\t\t\t\t\t\t\t<\/div>\n\t\t\t\t<\/div>\n\t\t\t\t\t<\/div>\n\t\t<\/div>\n\t\t\t\t<div class=\"elementor-column elementor-col-50 elementor-inner-column elementor-element elementor-element-e2e5a1e\" data-id=\"e2e5a1e\" data-element_type=\"column\">\n\t\t\t<div class=\"elementor-widget-wrap elementor-element-populated\">\n\t\t\t\t\t\t<div class=\"elementor-element elementor-element-8d32748 elementor-invisible elementor-widget elementor-widget-image\" data-id=\"8d32748\" data-element_type=\"widget\" data-settings=\"{&quot;_animation&quot;:&quot;fadeInRight&quot;}\" data-widget_type=\"image.default\">\n\t\t\t\t<div class=\"elementor-widget-container\">\n\t\t\t\t\t\t\t\t\t\t\t\t\t\t\t<img fetchpriority=\"high\" decoding=\"async\" width=\"512\" height=\"512\" src=\"https:\/\/www.redencuentro.org\/wp-content\/uploads\/2025\/08\/cropped-icon.png\" class=\"attachment-large size-large wp-image-14695\" alt=\"\" srcset=\"https:\/\/www.redencuentro.org\/wp-content\/uploads\/2025\/08\/cropped-icon.png 512w, https:\/\/www.redencuentro.org\/wp-content\/uploads\/2025\/08\/cropped-icon-300x300.png 300w, https:\/\/www.redencuentro.org\/wp-content\/uploads\/2025\/08\/cropped-icon-150x150.png 150w, https:\/\/www.redencuentro.org\/wp-content\/uploads\/2025\/08\/cropped-icon-440x440.png 440w, https:\/\/www.redencuentro.org\/wp-content\/uploads\/2025\/08\/cropped-icon-270x270.png 270w, https:\/\/www.redencuentro.org\/wp-content\/uploads\/2025\/08\/cropped-icon-192x192.png 192w, https:\/\/www.redencuentro.org\/wp-content\/uploads\/2025\/08\/cropped-icon-180x180.png 180w, https:\/\/www.redencuentro.org\/wp-content\/uploads\/2025\/08\/cropped-icon-32x32.png 32w\" sizes=\"(max-width: 512px) 100vw, 512px\" \/>\t\t\t\t\t\t\t\t\t\t\t\t\t\t\t<\/div>\n\t\t\t\t<\/div>\n\t\t\t\t\t<\/div>\n\t\t<\/div>\n\t\t\t\t\t<\/div>\n\t\t<\/section>\n\t\t\t\t<section class=\"elementor-section elementor-inner-section elementor-element elementor-element-fbd1900 elementor-section-boxed elementor-section-height-default elementor-section-height-default elementor-invisible\" data-id=\"fbd1900\" data-element_type=\"section\" data-settings=\"{&quot;animation&quot;:&quot;fadeInRight&quot;}\">\n\t\t\t\t\t\t<div class=\"elementor-container elementor-column-gap-default\">\n\t\t\t\t\t<div class=\"elementor-column elementor-col-50 elementor-inner-column elementor-element elementor-element-0bd6ff2\" data-id=\"0bd6ff2\" data-element_type=\"column\">\n\t\t\t<div class=\"elementor-widget-wrap\">\n\t\t\t\t\t\t\t<\/div>\n\t\t<\/div>\n\t\t\t\t<div class=\"elementor-column elementor-col-50 elementor-inner-column elementor-element elementor-element-7ff9e03\" data-id=\"7ff9e03\" data-element_type=\"column\">\n\t\t\t<div class=\"elementor-widget-wrap elementor-element-populated\">\n\t\t\t\t\t\t<div class=\"elementor-element elementor-element-da7aa50 elementor-widget elementor-widget-heading\" data-id=\"da7aa50\" data-element_type=\"widget\" data-widget_type=\"heading.default\">\n\t\t\t\t<div class=\"elementor-widget-container\">\n\t\t\t\t\t<h2 class=\"elementor-heading-title elementor-size-default\">Vision<\/h2>\t\t\t\t<\/div>\n\t\t\t\t<\/div>\n\t\t\t\t<div class=\"elementor-element elementor-element-78e919b elementor-widget elementor-widget-text-editor\" data-id=\"78e919b\" data-element_type=\"widget\" data-widget_type=\"text-editor.default\">\n\t\t\t\t<div class=\"elementor-widget-container\">\n\t\t\t\t\t\t\t\t\t<p>To build, through diversity and collective participation, a more just, equitable, and inclusive society. To be a network that drives social transformation by strengthening civil society organizations, promoting equality, a gender perspective, and the voices of youth throughout the country.<\/p>\t\t\t\t\t\t\t\t<\/div>\n\t\t\t\t<\/div>\n\t\t\t\t\t<\/div>\n\t\t<\/div>\n\t\t\t\t\t<\/div>\n\t\t<\/section>\n\t\t\t\t<section class=\"elementor-section elementor-inner-section elementor-element elementor-element-d4f8670 elementor-section-boxed elementor-section-height-default elementor-section-height-default elementor-invisible\" data-id=\"d4f8670\" data-element_type=\"section\" data-settings=\"{&quot;animation&quot;:&quot;fadeInRight&quot;}\">\n\t\t\t\t\t\t<div class=\"elementor-container elementor-column-gap-default\">\n\t\t\t\t\t<div class=\"elementor-column elementor-col-100 elementor-inner-column elementor-element elementor-element-0780993\" data-id=\"0780993\" data-element_type=\"column\">\n\t\t\t<div class=\"elementor-widget-wrap elementor-element-populated\">\n\t\t\t\t\t\t<div class=\"elementor-element elementor-element-8128fd9 elementor-widget elementor-widget-heading\" data-id=\"8128fd9\" data-element_type=\"widget\" data-widget_type=\"heading.default\">\n\t\t\t\t<div class=\"elementor-widget-container\">\n\t\t\t\t\t<h2 class=\"elementor-heading-title elementor-size-default\">Values<\/h2>\t\t\t\t<\/div>\n\t\t\t\t<\/div>\n\t\t\t\t\t<\/div>\n\t\t<\/div>\n\t\t\t\t\t<\/div>\n\t\t<\/section>\n\t\t\t\t<section class=\"elementor-section elementor-inner-section elementor-element elementor-element-341d139 elementor-section-boxed elementor-section-height-default elementor-section-height-default elementor-invisible\" data-id=\"341d139\" data-element_type=\"section\" data-settings=\"{&quot;animation&quot;:&quot;fadeInRight&quot;}\">\n\t\t\t\t\t\t<div class=\"elementor-container elementor-column-gap-default\">\n\t\t\t\t\t<div class=\"elementor-column elementor-col-33 elementor-inner-column elementor-element elementor-element-b74312a\" data-id=\"b74312a\" data-element_type=\"column\">\n\t\t\t<div class=\"elementor-widget-wrap elementor-element-populated\">\n\t\t\t\t\t\t<div class=\"elementor-element elementor-element-0ef217e elementor-widget elementor-widget-text-editor\" data-id=\"0ef217e\" data-element_type=\"widget\" data-widget_type=\"text-editor.default\">\n\t\t\t\t<div class=\"elementor-widget-container\">\n\t\t\t\t\t\t\t\t\t<ul>\n<li style=\"text-align: left;\"><strong>Participation and Democracy<\/strong> We promote active citizenship and the strengthening of democratic institutions.<br \/><br \/><\/li>\n<li style=\"font-weight: 400; text-align: left;\" aria-level=\"1\"><strong>Equity and Social Justice<\/strong><span style=\"font-weight: 400;\"><br \/><\/span><span style=\"font-weight: 400;\">We foster equal opportunities and the fair distribution of resources and rights.<\/span><\/li>\n<\/ul>\t\t\t\t\t\t\t\t<\/div>\n\t\t\t\t<\/div>\n\t\t\t\t\t<\/div>\n\t\t<\/div>\n\t\t\t\t<div class=\"elementor-column elementor-col-33 elementor-inner-column elementor-element elementor-element-7eed07b\" data-id=\"7eed07b\" data-element_type=\"column\">\n\t\t\t<div class=\"elementor-widget-wrap elementor-element-populated\">\n\t\t\t\t\t\t<div class=\"elementor-element elementor-element-91d25ac elementor-widget elementor-widget-text-editor\" data-id=\"91d25ac\" data-element_type=\"widget\" data-widget_type=\"text-editor.default\">\n\t\t\t\t<div class=\"elementor-widget-container\">\n\t\t\t\t\t\t\t\t\t<ul>\n<li style=\"text-align: left;\"><strong>Coordination and Cooperation<\/strong><br \/>We work as a network, combining capacities and knowledge to build collective solutions.<br \/><br \/><\/li>\n<li style=\"text-align: left;\"><strong>Diversity and Inclusion<\/strong> <br \/>We value all voices and perspectives, with a gender and human rights approach.<\/li>\n<\/ul>\t\t\t\t\t\t\t\t<\/div>\n\t\t\t\t<\/div>\n\t\t\t\t\t<\/div>\n\t\t<\/div>\n\t\t\t\t<div class=\"elementor-column elementor-col-33 elementor-inner-column elementor-element elementor-element-4120d50\" data-id=\"4120d50\" data-element_type=\"column\">\n\t\t\t<div class=\"elementor-widget-wrap elementor-element-populated\">\n\t\t\t\t\t\t<div class=\"elementor-element elementor-element-214d362 elementor-widget elementor-widget-text-editor\" data-id=\"214d362\" data-element_type=\"widget\" data-widget_type=\"text-editor.default\">\n\t\t\t\t<div class=\"elementor-widget-container\">\n\t\t\t\t\t\t\t\t\t<ul>\n<li style=\"font-weight: 400; text-align: left;\" aria-level=\"1\"><strong>Transparency and Accountability<\/strong><span style=\"font-weight: 400;\"><br \/><\/span><span style=\"font-weight: 400;\">We act with ethics, consistency, and accountability in every action.<br \/><br \/><\/span><\/li>\n<li style=\"font-weight: 400; text-align: left;\" aria-level=\"1\"><strong>Innovation and Sustainability<br \/><\/strong><span style=\"font-weight: 400;\">We promote learning, adaptation, and sustainable development in every territory.<\/span><\/li>\n<\/ul>\t\t\t\t\t\t\t\t<\/div>\n\t\t\t\t<\/div>\n\t\t\t\t\t<\/div>\n\t\t<\/div>\n\t\t\t\t\t<\/div>\n\t\t<\/section>\n\t\t\t\t\t<\/div>\n\t\t<\/div>\n\t\t\t\t\t<\/div>\n\t\t<\/section>\n\t\t\t\t<\/div>","protected":false},"excerpt":{"rendered":"<p>\u00bfQui\u00e9nes Somos? Encuentro de Entidades No Gubernamentales para el Desarrollo \u2014conocida como Red Encuentro\u2014 es una organizaci\u00f3n civil de segundo grado, con m\u00e1s de cuatro d\u00e9cadas de trayectoria en la promoci\u00f3n del desarrollo social, pol\u00edtico y comunitario en la Argentina. Fundada en 1977, en pleno proceso de dictadura militar, y constituida legalmente el 19 de [&hellip;]<\/p>","protected":false},"author":3,"featured_media":0,"parent":0,"menu_order":0,"comment_status":"closed","ping_status":"closed","template":"elementor_header_footer","meta":{"footnotes":""},"class_list":["post-15590","page","type-page","status-publish","hentry"],"_links":{"self":[{"href":"https:\/\/www.redencuentro.org\/en\/wp-json\/wp\/v2\/pages\/15590","targetHints":{"allow":["GET"]}}],"collection":[{"href":"https:\/\/www.redencuentro.org\/en\/wp-json\/wp\/v2\/pages"}],"about":[{"href":"https:\/\/www.redencuentro.org\/en\/wp-json\/wp\/v2\/types\/page"}],"author":[{"embeddable":true,"href":"https:\/\/www.redencuentro.org\/en\/wp-json\/wp\/v2\/users\/3"}],"replies":[{"embeddable":true,"href":"https:\/\/www.redencuentro.org\/en\/wp-json\/wp\/v2\/comments?post=15590"}],"version-history":[{"count":10,"href":"https:\/\/www.redencuentro.org\/en\/wp-json\/wp\/v2\/pages\/15590\/revisions"}],"predecessor-version":[{"id":16144,"href":"https:\/\/www.redencuentro.org\/en\/wp-json\/wp\/v2\/pages\/15590\/revisions\/16144"}],"wp:attachment":[{"href":"https:\/\/www.redencuentro.org\/en\/wp-json\/wp\/v2\/media?parent=15590"}],"curies":[{"name":"wp","href":"https:\/\/api.w.org\/{rel}","templated":true}]}}