{"id":15793,"date":"2025-11-21T23:48:32","date_gmt":"2025-11-22T02:48:32","guid":{"rendered":"https:\/\/www.redencuentro.org\/?page_id=15793"},"modified":"2026-03-15T17:01:05","modified_gmt":"2026-03-15T20:01:05","slug":"cecopal-3","status":"publish","type":"page","link":"https:\/\/www.redencuentro.org\/en\/organizaciones\/cecopal-3\/","title":{"rendered":"CECOPAL"},"content":{"rendered":"<div data-elementor-type=\"wp-page\" data-elementor-id=\"15793\" class=\"elementor elementor-15793\">\n\t\t\t\t\t\t<section class=\"elementor-section elementor-top-section elementor-element elementor-element-fc2bf78 elementor-section-boxed elementor-section-height-default elementor-section-height-default\" data-id=\"fc2bf78\" data-element_type=\"section\" data-settings=\"{&quot;background_background&quot;:&quot;classic&quot;}\">\n\t\t\t\t\t\t\t<div class=\"elementor-background-overlay\"><\/div>\n\t\t\t\t\t\t\t<div class=\"elementor-container elementor-column-gap-default\">\n\t\t\t\t\t<div class=\"elementor-column elementor-col-100 elementor-top-column elementor-element elementor-element-c722b89\" data-id=\"c722b89\" data-element_type=\"column\" data-settings=\"{&quot;background_background&quot;:&quot;gradient&quot;}\">\n\t\t\t<div class=\"elementor-widget-wrap elementor-element-populated\">\n\t\t\t\t\t\t<section class=\"elementor-section elementor-inner-section elementor-element elementor-element-78ba68e elementor-section-content-top elementor-section-boxed elementor-section-height-default elementor-section-height-default\" data-id=\"78ba68e\" data-element_type=\"section\">\n\t\t\t\t\t\t\t<div class=\"elementor-background-overlay\"><\/div>\n\t\t\t\t\t\t\t<div class=\"elementor-container elementor-column-gap-default\">\n\t\t\t\t\t<div class=\"elementor-column elementor-col-50 elementor-inner-column elementor-element elementor-element-bc2fc1e\" data-id=\"bc2fc1e\" data-element_type=\"column\">\n\t\t\t<div class=\"elementor-widget-wrap elementor-element-populated\">\n\t\t\t\t\t\t<div class=\"elementor-element elementor-element-ee80f30 elementor-widget elementor-widget-heading\" data-id=\"ee80f30\" data-element_type=\"widget\" data-widget_type=\"heading.default\">\n\t\t\t\t<div class=\"elementor-widget-container\">\n\t\t\t\t\t<h2 class=\"elementor-heading-title elementor-size-default\">CECOPAL \u2013 Centro de Comunicaci\u00f3n Popular y Asesoramiento Legal<\/h2>\t\t\t\t<\/div>\n\t\t\t\t<\/div>\n\t\t\t\t<div class=\"elementor-element elementor-element-b9e8687 elementor-widget__width-initial elementor-widget elementor-widget-text-editor\" data-id=\"b9e8687\" data-element_type=\"widget\" data-widget_type=\"text-editor.default\">\n\t\t\t\t<div class=\"elementor-widget-container\">\n\t\t\t\t\t\t\t\t\t<p><span style=\"font-weight: 400;\">CECOPAL (Centro de Comunicaci\u00f3n Popular y Asesoramiento Legal) es una asociaci\u00f3n civil fundada en 1984 en la ciudad de C\u00f3rdoba. Trabajamos para promover y fortalecer las capacidades organizativas de los sectores populares, acompa\u00f1ando procesos comunitarios que buscan mejorar las condiciones de vida, ejercer derechos y avanzar en mayores niveles de participaci\u00f3n social.<\/span><\/p>\n<p><span style=\"font-weight: 400;\">Nuestro enfoque se basa en la Educaci\u00f3n Popular, la Comunicaci\u00f3n Comunitaria y la promoci\u00f3n de derechos. Desarrollamos propuestas de formaci\u00f3n, asesoramiento, investigaci\u00f3n e intervenci\u00f3n territorial orientadas a que organizaciones, grupos y personas puedan construir respuestas colectivas frente a las problem\u00e1ticas que las atraviesan.<\/span><\/p>\n<p><span style=\"font-weight: 400;\">A lo largo de nuestra trayectoria hemos consolidado una pr\u00e1ctica centrada en el di\u00e1logo, el protagonismo de las comunidades y la construcci\u00f3n de herramientas para la incidencia pol\u00edtica, social y cultural, con la convicci\u00f3n de que la transformaci\u00f3n es posible desde lo colectivo.<\/span><\/p>\t\t\t\t\t\t\t\t<\/div>\n\t\t\t\t<\/div>\n\t\t\t\t\t<\/div>\n\t\t<\/div>\n\t\t\t\t<div class=\"elementor-column elementor-col-50 elementor-inner-column elementor-element elementor-element-4e558e7\" data-id=\"4e558e7\" data-element_type=\"column\">\n\t\t\t<div class=\"elementor-widget-wrap elementor-element-populated\">\n\t\t\t\t\t\t<div class=\"elementor-element elementor-element-5917b8b elementor-widget__width-initial elementor-widget elementor-widget-text-editor\" data-id=\"5917b8b\" data-element_type=\"widget\" data-widget_type=\"text-editor.default\">\n\t\t\t\t<div class=\"elementor-widget-container\">\n\t\t\t\t\t\t\t\t\t<p><b>Mission<\/b><br \/>Fortalecer procesos organizativos y comunitarios de los sectores populares, promoviendo el ejercicio pleno de derechos y la participaci\u00f3n activa en la vida social, pol\u00edtica y cultural, mediante estrategias de educaci\u00f3n popular, comunicaci\u00f3n comunitaria y asesoramiento legal.<\/p><p><b>Vision<\/b><br \/>Construir una sociedad m\u00e1s justa, democr\u00e1tica e inclusiva, donde todas las personas y comunidades puedan ejercer sus derechos, decidir sobre sus vidas y participar como protagonistas en la transformaci\u00f3n social.<\/p><p><b>Values<\/b><\/p><ul><li style=\"font-weight: 400;\" aria-level=\"1\"><b>Justicia social:<\/b><span style=\"font-weight: 400;\"> creemos en la igualdad de derechos y oportunidades para todas las personas.<\/span><\/li><li style=\"font-weight: 400;\" aria-level=\"1\"><b>Participaci\u00f3n:<\/b><span style=\"font-weight: 400;\"> impulsamos la construcci\u00f3n colectiva y el protagonismo comunitario.<\/span><\/li><li style=\"font-weight: 400;\" aria-level=\"1\"><b>Solidaridad:<\/b><span style=\"font-weight: 400;\"> promovemos v\u00ednculos de cuidado, apoyo mutuo y compromiso social.<\/span><\/li><li style=\"font-weight: 400;\" aria-level=\"1\"><b>Perspectiva de g\u00e9nero y diversidad:<\/b><span style=\"font-weight: 400;\"> trabajamos contra todas las formas de discriminaci\u00f3n.<\/span><\/li><li style=\"font-weight: 400;\" aria-level=\"1\"><b>Autonom\u00eda:<\/b><span style=\"font-weight: 400;\"> fortalecemos capacidades para que grupos y organizaciones definan sus propios caminos.<\/span><\/li><\/ul><p><b>Di\u00e1logo y educaci\u00f3n popular:<\/b><span style=\"font-weight: 400;\"> construimos saberes y soluciones desde las pr\u00e1cticas y experiencias de las comunidades.<\/span><span style=\"font-weight: 400;\"><br \/><\/span><\/p>\t\t\t\t\t\t\t\t<\/div>\n\t\t\t\t<\/div>\n\t\t\t\t\t<\/div>\n\t\t<\/div>\n\t\t\t\t\t<\/div>\n\t\t<\/section>\n\t\t\t\t\t<\/div>\n\t\t<\/div>\n\t\t\t\t\t<\/div>\n\t\t<\/section>\n\t\t\t\t<section class=\"elementor-section elementor-top-section elementor-element elementor-element-3880705 elementor-section-full_width elementor-section-height-default elementor-section-height-default\" data-id=\"3880705\" data-element_type=\"section\">\n\t\t\t\t\t\t<div class=\"elementor-container elementor-column-gap-default\">\n\t\t\t\t\t<div class=\"elementor-column elementor-col-100 elementor-top-column elementor-element elementor-element-41b3737\" data-id=\"41b3737\" data-element_type=\"column\">\n\t\t\t<div class=\"elementor-widget-wrap elementor-element-populated\">\n\t\t\t\t\t\t<div class=\"elementor-element elementor-element-bd3ee74 elementor-widget elementor-widget-google_maps\" data-id=\"bd3ee74\" data-element_type=\"widget\" data-widget_type=\"google_maps.default\">\n\t\t\t\t<div class=\"elementor-widget-container\">\n\t\t\t\t\t\t\t<div class=\"elementor-custom-embed\">\n\t\t\t<iframe loading=\"lazy\"\n\t\t\t\t\tsrc=\"https:\/\/maps.google.com\/maps?q=%20Argentina%20&#038;t=m&#038;z=3&#038;output=embed&#038;iwloc=near\"\n\t\t\t\t\ttitle=\" Argentina \"\n\t\t\t\t\taria-label=\" Argentina \"\n\t\t\t><\/iframe>\n\t\t<\/div>\n\t\t\t\t\t\t<\/div>\n\t\t\t\t<\/div>\n\t\t\t\t\t<\/div>\n\t\t<\/div>\n\t\t\t\t\t<\/div>\n\t\t<\/section>\n\t\t\t\t<section class=\"elementor-section elementor-top-section elementor-element elementor-element-b1fc97b elementor-section-boxed elementor-section-height-default elementor-section-height-default\" data-id=\"b1fc97b\" data-element_type=\"section\" data-settings=\"{&quot;background_background&quot;:&quot;classic&quot;}\">\n\t\t\t\t\t\t\t<div class=\"elementor-background-overlay\"><\/div>\n\t\t\t\t\t\t\t<div class=\"elementor-container elementor-column-gap-default\">\n\t\t\t\t\t<div class=\"elementor-column elementor-col-100 elementor-top-column elementor-element elementor-element-3890ab0\" data-id=\"3890ab0\" data-element_type=\"column\" data-settings=\"{&quot;background_background&quot;:&quot;gradient&quot;}\">\n\t\t\t<div class=\"elementor-widget-wrap elementor-element-populated\">\n\t\t\t\t\t\t<section class=\"elementor-section elementor-inner-section elementor-element elementor-element-74965bf elementor-section-content-top elementor-section-boxed elementor-section-height-default elementor-section-height-default\" data-id=\"74965bf\" data-element_type=\"section\">\n\t\t\t\t\t\t\t<div class=\"elementor-background-overlay\"><\/div>\n\t\t\t\t\t\t\t<div class=\"elementor-container elementor-column-gap-default\">\n\t\t\t\t\t<div class=\"elementor-column elementor-col-50 elementor-inner-column elementor-element elementor-element-de23b32\" data-id=\"de23b32\" data-element_type=\"column\">\n\t\t\t<div class=\"elementor-widget-wrap elementor-element-populated\">\n\t\t\t\t\t\t<div class=\"elementor-element elementor-element-066fa15 elementor-widget__width-initial elementor-widget elementor-widget-text-editor\" data-id=\"066fa15\" data-element_type=\"widget\" data-widget_type=\"text-editor.default\">\n\t\t\t\t<div class=\"elementor-widget-container\">\n\t\t\t\t\t\t\t\t\t<p>Datos de Contacto<\/p>\t\t\t\t\t\t\t\t<\/div>\n\t\t\t\t<\/div>\n\t\t\t\t<div class=\"elementor-element elementor-element-3a2565c elementor-align-left elementor-icon-list--layout-traditional elementor-list-item-link-full_width elementor-widget elementor-widget-icon-list\" data-id=\"3a2565c\" data-element_type=\"widget\" data-widget_type=\"icon-list.default\">\n\t\t\t\t<div class=\"elementor-widget-container\">\n\t\t\t\t\t\t\t<ul class=\"elementor-icon-list-items\">\n\t\t\t\t\t\t\t<li class=\"elementor-icon-list-item\">\n\t\t\t\t\t\t\t\t\t\t\t<a href=\"http:\/\/www.cecopal.org\">\n\n\t\t\t\t\t\t\t\t\t\t\t\t<span class=\"elementor-icon-list-icon\">\n\t\t\t\t\t\t\t<i aria-hidden=\"true\" class=\"fas fa-hand-point-up\"><\/i>\t\t\t\t\t\t<\/span>\n\t\t\t\t\t\t\t\t\t\t<span class=\"elementor-icon-list-text\">www.cecopal.org<\/span>\n\t\t\t\t\t\t\t\t\t\t\t<\/a>\n\t\t\t\t\t\t\t\t\t<\/li>\n\t\t\t\t\t\t\t\t<li class=\"elementor-icon-list-item\">\n\t\t\t\t\t\t\t\t\t\t\t<a href=\"https:\/\/www.instagram.com\/cecopal_cba\/%20\">\n\n\t\t\t\t\t\t\t\t\t\t\t\t<span class=\"elementor-icon-list-icon\">\n\t\t\t\t\t\t\t<i aria-hidden=\"true\" class=\"fab fa-instagram\"><\/i>\t\t\t\t\t\t<\/span>\n\t\t\t\t\t\t\t\t\t\t<span class=\"elementor-icon-list-text\">cecopal_cba<\/span>\n\t\t\t\t\t\t\t\t\t\t\t<\/a>\n\t\t\t\t\t\t\t\t\t<\/li>\n\t\t\t\t\t\t\t\t<li class=\"elementor-icon-list-item\">\n\t\t\t\t\t\t\t\t\t\t\t<a href=\"http:\/\/wa.me\/549351425492\">\n\n\t\t\t\t\t\t\t\t\t\t\t\t<span class=\"elementor-icon-list-icon\">\n\t\t\t\t\t\t\t<i aria-hidden=\"true\" class=\"fas fa-mobile-alt\"><\/i>\t\t\t\t\t\t<\/span>\n\t\t\t\t\t\t\t\t\t\t<span class=\"elementor-icon-list-text\">+549 351 425-492<\/span>\n\t\t\t\t\t\t\t\t\t\t\t<\/a>\n\t\t\t\t\t\t\t\t\t<\/li>\n\t\t\t\t\t\t\t\t<li class=\"elementor-icon-list-item\">\n\t\t\t\t\t\t\t\t\t\t\t<a href=\"http:\/\/institucional@cecopal.org\">\n\n\t\t\t\t\t\t\t\t\t\t\t\t<span class=\"elementor-icon-list-icon\">\n\t\t\t\t\t\t\t<i aria-hidden=\"true\" class=\"far fa-envelope\"><\/i>\t\t\t\t\t\t<\/span>\n\t\t\t\t\t\t\t\t\t\t<span class=\"elementor-icon-list-text\">institucional@cecopal.org<\/span>\n\t\t\t\t\t\t\t\t\t\t\t<\/a>\n\t\t\t\t\t\t\t\t\t<\/li>\n\t\t\t\t\t\t<\/ul>\n\t\t\t\t\t\t<\/div>\n\t\t\t\t<\/div>\n\t\t\t\t\t<\/div>\n\t\t<\/div>\n\t\t\t\t<div class=\"elementor-column elementor-col-50 elementor-inner-column elementor-element elementor-element-51ed1cd\" data-id=\"51ed1cd\" data-element_type=\"column\">\n\t\t\t<div class=\"elementor-widget-wrap elementor-element-populated\">\n\t\t\t\t\t\t<div class=\"elementor-element elementor-element-d02f497 elementor-widget elementor-widget-image\" data-id=\"d02f497\" data-element_type=\"widget\" data-widget_type=\"image.default\">\n\t\t\t\t<div class=\"elementor-widget-container\">\n\t\t\t\t\t\t\t\t\t\t\t\t\t\t\t<img fetchpriority=\"high\" decoding=\"async\" width=\"800\" height=\"800\" src=\"https:\/\/www.redencuentro.org\/wp-content\/uploads\/2023\/04\/cecopal-1.jpg\" class=\"attachment-large size-large wp-image-1700\" alt=\"\" srcset=\"https:\/\/www.redencuentro.org\/wp-content\/uploads\/2023\/04\/cecopal-1.jpg 800w, https:\/\/www.redencuentro.org\/wp-content\/uploads\/2023\/04\/cecopal-1-300x300.jpg 300w, https:\/\/www.redencuentro.org\/wp-content\/uploads\/2023\/04\/cecopal-1-150x150.jpg 150w, https:\/\/www.redencuentro.org\/wp-content\/uploads\/2023\/04\/cecopal-1-768x768.jpg 768w, https:\/\/www.redencuentro.org\/wp-content\/uploads\/2023\/04\/cecopal-1-440x440.jpg 440w\" sizes=\"(max-width: 800px) 100vw, 800px\" \/>\t\t\t\t\t\t\t\t\t\t\t\t\t\t\t<\/div>\n\t\t\t\t<\/div>\n\t\t\t\t\t<\/div>\n\t\t<\/div>\n\t\t\t\t\t<\/div>\n\t\t<\/section>\n\t\t\t\t\t<\/div>\n\t\t<\/div>\n\t\t\t\t\t<\/div>\n\t\t<\/section>\n\t\t\t\t<\/div>","protected":false},"excerpt":{"rendered":"<p>CECOPAL \u2013 Centro de Comunicaci\u00f3n Popular y Asesoramiento Legal CECOPAL (Centro de Comunicaci\u00f3n Popular y Asesoramiento Legal) es una asociaci\u00f3n civil fundada en 1984 en la ciudad de C\u00f3rdoba. Trabajamos para promover y fortalecer las capacidades organizativas de los sectores populares, acompa\u00f1ando procesos comunitarios que buscan mejorar las condiciones de vida, ejercer derechos y avanzar [&hellip;]<\/p>","protected":false},"author":3,"featured_media":0,"parent":15625,"menu_order":0,"comment_status":"closed","ping_status":"closed","template":"elementor_header_footer","meta":{"footnotes":""},"class_list":["post-15793","page","type-page","status-publish","hentry"],"_links":{"self":[{"href":"https:\/\/www.redencuentro.org\/en\/wp-json\/wp\/v2\/pages\/15793","targetHints":{"allow":["GET"]}}],"collection":[{"href":"https:\/\/www.redencuentro.org\/en\/wp-json\/wp\/v2\/pages"}],"about":[{"href":"https:\/\/www.redencuentro.org\/en\/wp-json\/wp\/v2\/types\/page"}],"author":[{"embeddable":true,"href":"https:\/\/www.redencuentro.org\/en\/wp-json\/wp\/v2\/users\/3"}],"replies":[{"embeddable":true,"href":"https:\/\/www.redencuentro.org\/en\/wp-json\/wp\/v2\/comments?post=15793"}],"version-history":[{"count":10,"href":"https:\/\/www.redencuentro.org\/en\/wp-json\/wp\/v2\/pages\/15793\/revisions"}],"predecessor-version":[{"id":16217,"href":"https:\/\/www.redencuentro.org\/en\/wp-json\/wp\/v2\/pages\/15793\/revisions\/16217"}],"up":[{"embeddable":true,"href":"https:\/\/www.redencuentro.org\/en\/wp-json\/wp\/v2\/pages\/15625"}],"wp:attachment":[{"href":"https:\/\/www.redencuentro.org\/en\/wp-json\/wp\/v2\/media?parent=15793"}],"curies":[{"name":"wp","href":"https:\/\/api.w.org\/{rel}","templated":true}]}}