{"id":15818,"date":"2025-11-22T01:54:54","date_gmt":"2025-11-22T04:54:54","guid":{"rendered":"https:\/\/www.redencuentro.org\/?page_id=15818"},"modified":"2026-03-15T17:00:44","modified_gmt":"2026-03-15T20:00:44","slug":"creas","status":"publish","type":"page","link":"https:\/\/www.redencuentro.org\/en\/organizaciones\/creas\/","title":{"rendered":"CREAS"},"content":{"rendered":"<div data-elementor-type=\"wp-page\" data-elementor-id=\"15818\" class=\"elementor elementor-15818\">\n\t\t\t\t\t\t<section class=\"elementor-section elementor-top-section elementor-element elementor-element-fc2bf78 elementor-section-boxed elementor-section-height-default elementor-section-height-default\" data-id=\"fc2bf78\" data-element_type=\"section\" data-settings=\"{&quot;background_background&quot;:&quot;classic&quot;}\">\n\t\t\t\t\t\t\t<div class=\"elementor-background-overlay\"><\/div>\n\t\t\t\t\t\t\t<div class=\"elementor-container elementor-column-gap-default\">\n\t\t\t\t\t<div class=\"elementor-column elementor-col-100 elementor-top-column elementor-element elementor-element-c722b89\" data-id=\"c722b89\" data-element_type=\"column\" data-settings=\"{&quot;background_background&quot;:&quot;gradient&quot;}\">\n\t\t\t<div class=\"elementor-widget-wrap elementor-element-populated\">\n\t\t\t\t\t\t<div class=\"elementor-element elementor-element-ee80f30 elementor-widget elementor-widget-heading\" data-id=\"ee80f30\" data-element_type=\"widget\" data-widget_type=\"heading.default\">\n\t\t\t\t<div class=\"elementor-widget-container\">\n\t\t\t\t\t<h2 class=\"elementor-heading-title elementor-size-default\">CREAS<\/h2>\t\t\t\t<\/div>\n\t\t\t\t<\/div>\n\t\t\t\t<section class=\"elementor-section elementor-inner-section elementor-element elementor-element-78ba68e elementor-section-content-top elementor-section-boxed elementor-section-height-default elementor-section-height-default\" data-id=\"78ba68e\" data-element_type=\"section\">\n\t\t\t\t\t\t\t<div class=\"elementor-background-overlay\"><\/div>\n\t\t\t\t\t\t\t<div class=\"elementor-container elementor-column-gap-default\">\n\t\t\t\t\t<div class=\"elementor-column elementor-col-50 elementor-inner-column elementor-element elementor-element-bc2fc1e\" data-id=\"bc2fc1e\" data-element_type=\"column\">\n\t\t\t<div class=\"elementor-widget-wrap elementor-element-populated\">\n\t\t\t\t\t\t<div class=\"elementor-element elementor-element-15ea54b elementor-widget__width-initial elementor-widget elementor-widget-text-editor\" data-id=\"15ea54b\" data-element_type=\"widget\" data-widget_type=\"text-editor.default\">\n\t\t\t\t<div class=\"elementor-widget-container\">\n\t\t\t\t\t\t\t\t\t<p>CREAS es una organizaci\u00f3n ecum\u00e9nica regional multidisciplinaria de inspiraci\u00f3n cristiana que act\u00faa en Am\u00e9rica Latina y el Caribe con un compromiso profundo hacia la dignidad humana, la justicia social y el cuidado de la creaci\u00f3n.<br \/><br \/><br \/>Desde su base institucional, CREAS impulsa procesos de cambio estructural y cultural a trav\u00e9s de alianzas estrat\u00e9gicas con iglesias, comunidades de fe, organizaciones comunitarias y movimientos sociales, articulando niveles locales, regionales y globales para fortalecer la diacon\u00eda ecum\u00e9nica.<br \/><br \/><br \/>Creemos que estamos en un momento de \u00e9poca caracterizado por desaf\u00edos complejos \u2014 desigualdades econ\u00f3micas y sociales profundizadas, emergencias globales, crisis ecol\u00f3gicas y conflictos culturales \u2014 y por eso asumimos que nuestro rol requiere nuevas herramientas de an\u00e1lisis, nuevas maneras de actuaci\u00f3n, narrativas transformadoras y modos de articular saberes, experiencias y voces desde los m\u00e1rgenes.<br \/><br \/><br \/>Nuestra pr\u00e1ctica se sustenta en un \u201cmodelo de cambio\u201d definido para el per\u00edodo 2021-2024 que se apoya en tres l\u00edneas estrat\u00e9gicas:<br \/><br \/><br \/>Articular permanentemente lo local, lo regional y lo global para potenciar acciones transformadoras en iglesias, organizaciones basadas en la fe y movimientos sociales.<\/p>\t\t\t\t\t\t\t\t<\/div>\n\t\t\t\t<\/div>\n\t\t\t\t\t<\/div>\n\t\t<\/div>\n\t\t\t\t<div class=\"elementor-column elementor-col-50 elementor-inner-column elementor-element elementor-element-4e558e7\" data-id=\"4e558e7\" data-element_type=\"column\">\n\t\t\t<div class=\"elementor-widget-wrap elementor-element-populated\">\n\t\t\t\t\t\t<div class=\"elementor-element elementor-element-9a0948c elementor-widget__width-initial elementor-widget elementor-widget-text-editor\" data-id=\"9a0948c\" data-element_type=\"widget\" data-widget_type=\"text-editor.default\">\n\t\t\t\t<div class=\"elementor-widget-container\">\n\t\t\t\t\t\t\t\t\t<p>Generar y profundizar mecanismos de an\u00e1lisis, narrativas y sistematizaciones junto a otros organismos latinoamericanos y caribe\u00f1os.<\/p><p>Conectarse con espacios globales del movimiento ecum\u00e9nico y de cooperaci\u00f3n internacional mediante procesos y acciones regionales.<\/p><p>En suma, CREAS trabaja para generar sinergias, promover alianzas y acompa\u00f1ar procesos que permitan que las comunidades, los colectivos y las iglesias sean capaces de intervenir, transformar y sostener sus propias realidades con protagonismo, creatividad y perspectiva de justicia.<\/p><p><strong>Mission<\/strong><br \/>\u201cFortalecer la capacidad del movimiento ecum\u00e9nico para la promoci\u00f3n de la dignidad, la justicia econ\u00f3mica, \u00e9tnico-social, de g\u00e9nero, el cuidado de la Casa Com\u00fan y el respeto a la diversidad.\u201d<\/p><p><strong>Vision<\/strong><br \/>\u201cSer una organizaci\u00f3n innovadora en modelos de articulaci\u00f3n y movilizaci\u00f3n de saberes y experiencias junto a otros actores del movimiento ecum\u00e9nico y social y las comunidades, a fin de generar sinergias y consolidar alianzas para el fortalecimiento de la diacon\u00eda ecum\u00e9nica.\u201d<\/p>\t\t\t\t\t\t\t\t<\/div>\n\t\t\t\t<\/div>\n\t\t\t\t<div class=\"elementor-element elementor-element-bd1e936 elementor-widget__width-initial elementor-widget elementor-widget-text-editor\" data-id=\"bd1e936\" data-element_type=\"widget\" data-widget_type=\"text-editor.default\">\n\t\t\t\t<div class=\"elementor-widget-container\">\n\t\t\t\t\t\t\t\t\t<p>El Centro Nueva Tierra es una asociaci\u00f3n civil que trabaja en Argentina desde 1989 promoviendo procesos de organizaci\u00f3n, participaci\u00f3n y construcci\u00f3n de ciudadan\u00eda junto a comunidades, movimientos sociales, organizaciones territoriales y actores pastorales.\u00a0<\/p><p>Nuestro trabajo se orienta a fortalecer las capacidades colectivas para incidir en la vida p\u00fablica, profundizar la democracia y ampliar los derechos sociales, culturales y pol\u00edticos.<\/p><p><span style=\"color: var( --e-global-color-text ); background-color: transparent;\">Desde un enfoque plural y diverso, acompa\u00f1amos experiencias comunitarias en distintos territorios del pa\u00eds, generando espacios de formaci\u00f3n, investigaci\u00f3n, comunicaci\u00f3n y articulaci\u00f3n que permiten reconocer saberes, construir diagn\u00f3sticos propios y desarrollar estrategias de transformaci\u00f3n social.\u00a0<\/span><\/p>\t\t\t\t\t\t\t\t<\/div>\n\t\t\t\t<\/div>\n\t\t\t\t\t<\/div>\n\t\t<\/div>\n\t\t\t\t\t<\/div>\n\t\t<\/section>\n\t\t\t\t\t<\/div>\n\t\t<\/div>\n\t\t\t\t\t<\/div>\n\t\t<\/section>\n\t\t\t\t<section class=\"elementor-section elementor-top-section elementor-element elementor-element-3880705 elementor-section-full_width elementor-section-height-default elementor-section-height-default\" data-id=\"3880705\" data-element_type=\"section\">\n\t\t\t\t\t\t<div class=\"elementor-container elementor-column-gap-default\">\n\t\t\t\t\t<div class=\"elementor-column elementor-col-100 elementor-top-column elementor-element elementor-element-41b3737\" data-id=\"41b3737\" data-element_type=\"column\">\n\t\t\t<div class=\"elementor-widget-wrap elementor-element-populated\">\n\t\t\t\t\t\t<div class=\"elementor-element elementor-element-bd3ee74 elementor-widget elementor-widget-google_maps\" data-id=\"bd3ee74\" data-element_type=\"widget\" data-widget_type=\"google_maps.default\">\n\t\t\t\t<div class=\"elementor-widget-container\">\n\t\t\t\t\t\t\t<div class=\"elementor-custom-embed\">\n\t\t\t<iframe loading=\"lazy\"\n\t\t\t\t\tsrc=\"https:\/\/maps.google.com\/maps?q=%20argentina&#038;t=m&#038;z=3&#038;output=embed&#038;iwloc=near\"\n\t\t\t\t\ttitle=\" argentina\"\n\t\t\t\t\taria-label=\" argentina\"\n\t\t\t><\/iframe>\n\t\t<\/div>\n\t\t\t\t\t\t<\/div>\n\t\t\t\t<\/div>\n\t\t\t\t\t<\/div>\n\t\t<\/div>\n\t\t\t\t\t<\/div>\n\t\t<\/section>\n\t\t\t\t<section class=\"elementor-section elementor-top-section elementor-element elementor-element-b1fc97b elementor-section-boxed elementor-section-height-default elementor-section-height-default\" data-id=\"b1fc97b\" data-element_type=\"section\" data-settings=\"{&quot;background_background&quot;:&quot;classic&quot;}\">\n\t\t\t\t\t\t\t<div class=\"elementor-background-overlay\"><\/div>\n\t\t\t\t\t\t\t<div class=\"elementor-container elementor-column-gap-default\">\n\t\t\t\t\t<div class=\"elementor-column elementor-col-100 elementor-top-column elementor-element elementor-element-3890ab0\" data-id=\"3890ab0\" data-element_type=\"column\" data-settings=\"{&quot;background_background&quot;:&quot;gradient&quot;}\">\n\t\t\t<div class=\"elementor-widget-wrap elementor-element-populated\">\n\t\t\t\t\t\t<section class=\"elementor-section elementor-inner-section elementor-element elementor-element-74965bf elementor-section-content-top elementor-section-boxed elementor-section-height-default elementor-section-height-default\" data-id=\"74965bf\" data-element_type=\"section\">\n\t\t\t\t\t\t\t<div class=\"elementor-background-overlay\"><\/div>\n\t\t\t\t\t\t\t<div class=\"elementor-container elementor-column-gap-default\">\n\t\t\t\t\t<div class=\"elementor-column elementor-col-50 elementor-inner-column elementor-element elementor-element-de23b32\" data-id=\"de23b32\" data-element_type=\"column\">\n\t\t\t<div class=\"elementor-widget-wrap elementor-element-populated\">\n\t\t\t\t\t\t<div class=\"elementor-element elementor-element-066fa15 elementor-widget__width-initial elementor-widget elementor-widget-text-editor\" data-id=\"066fa15\" data-element_type=\"widget\" data-widget_type=\"text-editor.default\">\n\t\t\t\t<div class=\"elementor-widget-container\">\n\t\t\t\t\t\t\t\t\t<p>Datos de Contacto<\/p>\t\t\t\t\t\t\t\t<\/div>\n\t\t\t\t<\/div>\n\t\t\t\t<div class=\"elementor-element elementor-element-3a2565c elementor-icon-list--layout-traditional elementor-list-item-link-full_width elementor-widget elementor-widget-icon-list\" data-id=\"3a2565c\" data-element_type=\"widget\" data-widget_type=\"icon-list.default\">\n\t\t\t\t<div class=\"elementor-widget-container\">\n\t\t\t\t\t\t\t<ul class=\"elementor-icon-list-items\">\n\t\t\t\t\t\t\t<li class=\"elementor-icon-list-item\">\n\t\t\t\t\t\t\t\t\t\t\t<a href=\"https:\/\/creas.org\">\n\n\t\t\t\t\t\t\t\t\t\t\t\t<span class=\"elementor-icon-list-icon\">\n\t\t\t\t\t\t\t<i aria-hidden=\"true\" class=\"fas fa-hand-point-up\"><\/i>\t\t\t\t\t\t<\/span>\n\t\t\t\t\t\t\t\t\t\t<span class=\"elementor-icon-list-text\">www.creas.org<\/span>\n\t\t\t\t\t\t\t\t\t\t\t<\/a>\n\t\t\t\t\t\t\t\t\t<\/li>\n\t\t\t\t\t\t\t\t<li class=\"elementor-icon-list-item\">\n\t\t\t\t\t\t\t\t\t\t\t<a href=\"http:\/\/CREAS@CREAS.ORG\">\n\n\t\t\t\t\t\t\t\t\t\t\t\t<span class=\"elementor-icon-list-icon\">\n\t\t\t\t\t\t\t<i aria-hidden=\"true\" class=\"far fa-envelope\"><\/i>\t\t\t\t\t\t<\/span>\n\t\t\t\t\t\t\t\t\t\t<span class=\"elementor-icon-list-text\">CREAS@CREAS.ORG<\/span>\n\t\t\t\t\t\t\t\t\t\t\t<\/a>\n\t\t\t\t\t\t\t\t\t<\/li>\n\t\t\t\t\t\t\t\t<li class=\"elementor-icon-list-item\">\n\t\t\t\t\t\t\t\t\t\t\t<a href=\"https:\/\/www.instagram.com\/creaslac\/\">\n\n\t\t\t\t\t\t\t\t\t\t\t\t<span class=\"elementor-icon-list-icon\">\n\t\t\t\t\t\t\t<i aria-hidden=\"true\" class=\"fab fa-instagram\"><\/i>\t\t\t\t\t\t<\/span>\n\t\t\t\t\t\t\t\t\t\t<span class=\"elementor-icon-list-text\">creaslac<\/span>\n\t\t\t\t\t\t\t\t\t\t\t<\/a>\n\t\t\t\t\t\t\t\t\t<\/li>\n\t\t\t\t\t\t<\/ul>\n\t\t\t\t\t\t<\/div>\n\t\t\t\t<\/div>\n\t\t\t\t\t<\/div>\n\t\t<\/div>\n\t\t\t\t<div class=\"elementor-column elementor-col-50 elementor-inner-column elementor-element elementor-element-51ed1cd\" data-id=\"51ed1cd\" data-element_type=\"column\">\n\t\t\t<div class=\"elementor-widget-wrap elementor-element-populated\">\n\t\t\t\t\t\t<div class=\"elementor-element elementor-element-d02f497 elementor-widget elementor-widget-image\" data-id=\"d02f497\" data-element_type=\"widget\" data-widget_type=\"image.default\">\n\t\t\t\t<div class=\"elementor-widget-container\">\n\t\t\t\t\t\t\t\t\t\t\t\t\t\t\t<img decoding=\"async\" width=\"200\" height=\"200\" src=\"https:\/\/www.redencuentro.org\/wp-content\/uploads\/2023\/04\/creas-1.jpeg\" class=\"attachment-large size-large wp-image-1704\" alt=\"\" srcset=\"https:\/\/www.redencuentro.org\/wp-content\/uploads\/2023\/04\/creas-1.jpeg 200w, https:\/\/www.redencuentro.org\/wp-content\/uploads\/2023\/04\/creas-1-150x150.jpeg 150w\" sizes=\"(max-width: 200px) 100vw, 200px\" \/>\t\t\t\t\t\t\t\t\t\t\t\t\t\t\t<\/div>\n\t\t\t\t<\/div>\n\t\t\t\t\t<\/div>\n\t\t<\/div>\n\t\t\t\t\t<\/div>\n\t\t<\/section>\n\t\t\t\t\t<\/div>\n\t\t<\/div>\n\t\t\t\t\t<\/div>\n\t\t<\/section>\n\t\t\t\t<\/div>","protected":false},"excerpt":{"rendered":"<p>CREAS CREAS es una organizaci\u00f3n ecum\u00e9nica regional multidisciplinaria de inspiraci\u00f3n cristiana que act\u00faa en Am\u00e9rica Latina y el Caribe con un compromiso profundo hacia la dignidad humana, la justicia social y el cuidado de la creaci\u00f3n. Desde su base institucional, CREAS impulsa procesos de cambio estructural y cultural a trav\u00e9s de alianzas estrat\u00e9gicas con iglesias, [&hellip;]<\/p>","protected":false},"author":3,"featured_media":0,"parent":15625,"menu_order":0,"comment_status":"closed","ping_status":"closed","template":"elementor_header_footer","meta":{"footnotes":""},"class_list":["post-15818","page","type-page","status-publish","hentry"],"_links":{"self":[{"href":"https:\/\/www.redencuentro.org\/en\/wp-json\/wp\/v2\/pages\/15818","targetHints":{"allow":["GET"]}}],"collection":[{"href":"https:\/\/www.redencuentro.org\/en\/wp-json\/wp\/v2\/pages"}],"about":[{"href":"https:\/\/www.redencuentro.org\/en\/wp-json\/wp\/v2\/types\/page"}],"author":[{"embeddable":true,"href":"https:\/\/www.redencuentro.org\/en\/wp-json\/wp\/v2\/users\/3"}],"replies":[{"embeddable":true,"href":"https:\/\/www.redencuentro.org\/en\/wp-json\/wp\/v2\/comments?post=15818"}],"version-history":[{"count":10,"href":"https:\/\/www.redencuentro.org\/en\/wp-json\/wp\/v2\/pages\/15818\/revisions"}],"predecessor-version":[{"id":16211,"href":"https:\/\/www.redencuentro.org\/en\/wp-json\/wp\/v2\/pages\/15818\/revisions\/16211"}],"up":[{"embeddable":true,"href":"https:\/\/www.redencuentro.org\/en\/wp-json\/wp\/v2\/pages\/15625"}],"wp:attachment":[{"href":"https:\/\/www.redencuentro.org\/en\/wp-json\/wp\/v2\/media?parent=15818"}],"curies":[{"name":"wp","href":"https:\/\/api.w.org\/{rel}","templated":true}]}}