{"id":15994,"date":"2025-11-24T16:30:23","date_gmt":"2025-11-24T19:30:23","guid":{"rendered":"https:\/\/www.redencuentro.org\/?page_id=15994"},"modified":"2026-03-15T17:12:16","modified_gmt":"2026-03-15T20:12:16","slug":"jets","status":"publish","type":"page","link":"https:\/\/www.redencuentro.org\/en\/organizaciones\/jets\/","title":{"rendered":"JETS"},"content":{"rendered":"<div data-elementor-type=\"wp-page\" data-elementor-id=\"15994\" class=\"elementor elementor-15994\">\n\t\t\t\t\t\t<section class=\"elementor-section elementor-top-section elementor-element elementor-element-fc2bf78 elementor-section-boxed elementor-section-height-default elementor-section-height-default\" data-id=\"fc2bf78\" data-element_type=\"section\" data-settings=\"{&quot;background_background&quot;:&quot;classic&quot;}\">\n\t\t\t\t\t\t\t<div class=\"elementor-background-overlay\"><\/div>\n\t\t\t\t\t\t\t<div class=\"elementor-container elementor-column-gap-default\">\n\t\t\t\t\t<div class=\"elementor-column elementor-col-100 elementor-top-column elementor-element elementor-element-c722b89\" data-id=\"c722b89\" data-element_type=\"column\" data-settings=\"{&quot;background_background&quot;:&quot;gradient&quot;}\">\n\t\t\t<div class=\"elementor-widget-wrap elementor-element-populated\">\n\t\t\t\t\t\t<div class=\"elementor-element elementor-element-ee80f30 elementor-widget elementor-widget-heading\" data-id=\"ee80f30\" data-element_type=\"widget\" data-widget_type=\"heading.default\">\n\t\t\t\t<div class=\"elementor-widget-container\">\n\t\t\t\t\t<h2 class=\"elementor-heading-title elementor-size-default\">JETS<\/h2>\t\t\t\t<\/div>\n\t\t\t\t<\/div>\n\t\t\t\t<section class=\"elementor-section elementor-inner-section elementor-element elementor-element-78ba68e elementor-section-content-top elementor-section-boxed elementor-section-height-default elementor-section-height-default\" data-id=\"78ba68e\" data-element_type=\"section\">\n\t\t\t\t\t\t\t<div class=\"elementor-background-overlay\"><\/div>\n\t\t\t\t\t\t\t<div class=\"elementor-container elementor-column-gap-default\">\n\t\t\t\t\t<div class=\"elementor-column elementor-col-50 elementor-inner-column elementor-element elementor-element-bc2fc1e\" data-id=\"bc2fc1e\" data-element_type=\"column\">\n\t\t\t<div class=\"elementor-widget-wrap elementor-element-populated\">\n\t\t\t\t\t\t<div class=\"elementor-element elementor-element-924fc47 elementor-widget__width-initial elementor-widget elementor-widget-text-editor\" data-id=\"924fc47\" data-element_type=\"widget\" data-widget_type=\"text-editor.default\">\n\t\t\t\t<div class=\"elementor-widget-container\">\n\t\t\t\t\t\t\t\t\t<p>La Organizaci\u00f3n para el desarrollo de la Juventud, la Educaci\u00f3n, el Trabajo y la Sustentabilidad tiene sus or\u00edgenes en un grupo de personas criticas de las realidades de los distintos \u00e1mbitos en los que hoy trabaja, con voluntad de cambio, a trav\u00e9s de acciones planificadas y desarrolladas desde la organizaci\u00f3n y en algunos casos en sociedad institucional con distintos actores de la sociedad civil y organismos p\u00fablicos.<\/p><p>Durante los primeros a\u00f1os (desde 2011) se desarroll\u00f3 como un grupo de trabajo, y en el a\u00f1o 2016 formaliza su constituci\u00f3n convirti\u00e9ndose en Persona Jur\u00eddica (Asociaci\u00f3n Civil Sin Fines de Lucro).\u00a0<\/p><p>Constituirnos como asociaci\u00f3n civil nos permiti\u00f3 trabajar en conjunto con otras organizaciones, organismos estatales y empresas, concretando proyectos propios e impulsando programas de pol\u00edticas p\u00fablicas.<\/p>\t\t\t\t\t\t\t\t<\/div>\n\t\t\t\t<\/div>\n\t\t\t\t\t<\/div>\n\t\t<\/div>\n\t\t\t\t<div class=\"elementor-column elementor-col-50 elementor-inner-column elementor-element elementor-element-4e558e7\" data-id=\"4e558e7\" data-element_type=\"column\">\n\t\t\t<div class=\"elementor-widget-wrap elementor-element-populated\">\n\t\t\t\t\t\t<div class=\"elementor-element elementor-element-53c3477 elementor-widget__width-initial elementor-widget elementor-widget-text-editor\" data-id=\"53c3477\" data-element_type=\"widget\" data-widget_type=\"text-editor.default\">\n\t\t\t\t<div class=\"elementor-widget-container\">\n\t\t\t\t\t\t\t\t\t<p><span style=\"color: var( --e-global-color-text ); background-color: transparent;\"><strong>Misi\u00f3n:<\/strong><br \/><\/span><span style=\"color: var( --e-global-color-text ); background-color: transparent;\">Contribuir a la inclusi\u00f3n social a trav\u00e9s del mejoramiento de la realidad educativa, laboral y medioambiental.<\/span><\/p><p><strong>Visi\u00f3n:\u00a0<\/strong><br \/><span style=\"color: var( --e-global-color-text ); background-color: transparent;\">Queremos, a trav\u00e9s de nuestro aporte, generar condiciones de igualdad en nuestra sociedad, con el objetivo fundamental de alcanzar una sociedad equitativa en las posibilidades de acceso a la educaci\u00f3n y el trabajo, entendi\u00e9ndolas como herramientas liberadoras, con la conciencia de establecer, sostener y fomentar pr\u00e1cticas amigables con el ambiente en el que nos desarrollamos, comprometi\u00e9ndonos as\u00ed con nuestras generaciones futuras.<\/span><\/p><p><strong>Valores:<\/strong><\/p><ul><li>Respeto: Por el ser humano y los DDHH.<br \/>Igualdad: por el ser, el hacer, y las oportunidades.<\/li><li>Solidaridad: el valor m\u00e1s noble, como pilar, para alcanzar una sociedad justa.<\/li><li>Gesti\u00f3n transparente, profesionalismo y superaci\u00f3n: Transparencia en la obtenci\u00f3n, el manejo y la rendici\u00f3n de fondos.<\/li><li><span style=\"color: var( --e-global-color-text ); background-color: transparent;\">Educaci\u00f3n: \u201cLa educaci\u00f3n verdadera es praxis, reflexi\u00f3n y acci\u00f3n del hombre sobre el mundo para transformarlo\u201d (Paulo Freire).<br \/><\/span><\/li><li><span style=\"color: var( --e-global-color-text ); background-color: transparent;\">Trabajo en equipo: La organizaci\u00f3n y el esfuerzo conjunto garantizan el \u00e9xito de nuestros desaf\u00edos.<br \/><\/span><\/li><li><span style=\"color: var( --e-global-color-text ); background-color: transparent;\">Sustentabilidad: Nuestro compromiso es con los que est\u00e1n y con los que vendr\u00e1n.<\/span><\/li><\/ul>\t\t\t\t\t\t\t\t<\/div>\n\t\t\t\t<\/div>\n\t\t\t\t\t<\/div>\n\t\t<\/div>\n\t\t\t\t\t<\/div>\n\t\t<\/section>\n\t\t\t\t\t<\/div>\n\t\t<\/div>\n\t\t\t\t\t<\/div>\n\t\t<\/section>\n\t\t\t\t<section class=\"elementor-section elementor-top-section elementor-element elementor-element-3880705 elementor-section-full_width elementor-section-height-default elementor-section-height-default\" data-id=\"3880705\" data-element_type=\"section\">\n\t\t\t\t\t\t<div class=\"elementor-container elementor-column-gap-default\">\n\t\t\t\t\t<div class=\"elementor-column elementor-col-100 elementor-top-column elementor-element elementor-element-41b3737\" data-id=\"41b3737\" data-element_type=\"column\">\n\t\t\t<div class=\"elementor-widget-wrap elementor-element-populated\">\n\t\t\t\t\t\t<div class=\"elementor-element elementor-element-bd3ee74 elementor-widget elementor-widget-google_maps\" data-id=\"bd3ee74\" data-element_type=\"widget\" data-widget_type=\"google_maps.default\">\n\t\t\t\t<div class=\"elementor-widget-container\">\n\t\t\t\t\t\t\t<div class=\"elementor-custom-embed\">\n\t\t\t<iframe loading=\"lazy\"\n\t\t\t\t\tsrc=\"https:\/\/maps.google.com\/maps?q=Avellaneda%2C%20Buenos%20Aires%2C%20Argentina&#038;t=m&#038;z=14&#038;output=embed&#038;iwloc=near\"\n\t\t\t\t\ttitle=\"Avellaneda, Buenos Aires, Argentina\"\n\t\t\t\t\taria-label=\"Avellaneda, Buenos Aires, Argentina\"\n\t\t\t><\/iframe>\n\t\t<\/div>\n\t\t\t\t\t\t<\/div>\n\t\t\t\t<\/div>\n\t\t\t\t\t<\/div>\n\t\t<\/div>\n\t\t\t\t\t<\/div>\n\t\t<\/section>\n\t\t\t\t<section class=\"elementor-section elementor-top-section elementor-element elementor-element-b1fc97b elementor-section-boxed elementor-section-height-default elementor-section-height-default\" data-id=\"b1fc97b\" data-element_type=\"section\" data-settings=\"{&quot;background_background&quot;:&quot;classic&quot;}\">\n\t\t\t\t\t\t\t<div class=\"elementor-background-overlay\"><\/div>\n\t\t\t\t\t\t\t<div class=\"elementor-container elementor-column-gap-default\">\n\t\t\t\t\t<div class=\"elementor-column elementor-col-100 elementor-top-column elementor-element elementor-element-3890ab0\" data-id=\"3890ab0\" data-element_type=\"column\" data-settings=\"{&quot;background_background&quot;:&quot;gradient&quot;}\">\n\t\t\t<div class=\"elementor-widget-wrap elementor-element-populated\">\n\t\t\t\t\t\t<section class=\"elementor-section elementor-inner-section elementor-element elementor-element-74965bf elementor-section-content-top elementor-section-boxed elementor-section-height-default elementor-section-height-default\" data-id=\"74965bf\" data-element_type=\"section\">\n\t\t\t\t\t\t\t<div class=\"elementor-background-overlay\"><\/div>\n\t\t\t\t\t\t\t<div class=\"elementor-container elementor-column-gap-default\">\n\t\t\t\t\t<div class=\"elementor-column elementor-col-50 elementor-inner-column elementor-element elementor-element-de23b32\" data-id=\"de23b32\" data-element_type=\"column\">\n\t\t\t<div class=\"elementor-widget-wrap elementor-element-populated\">\n\t\t\t\t\t\t<div class=\"elementor-element elementor-element-066fa15 elementor-widget__width-initial elementor-widget elementor-widget-text-editor\" data-id=\"066fa15\" data-element_type=\"widget\" data-widget_type=\"text-editor.default\">\n\t\t\t\t<div class=\"elementor-widget-container\">\n\t\t\t\t\t\t\t\t\t<p>Datos de Contacto<\/p>\t\t\t\t\t\t\t\t<\/div>\n\t\t\t\t<\/div>\n\t\t\t\t<div class=\"elementor-element elementor-element-3a2565c elementor-icon-list--layout-traditional elementor-list-item-link-full_width elementor-widget elementor-widget-icon-list\" data-id=\"3a2565c\" data-element_type=\"widget\" data-widget_type=\"icon-list.default\">\n\t\t\t\t<div class=\"elementor-widget-container\">\n\t\t\t\t\t\t\t<ul class=\"elementor-icon-list-items\">\n\t\t\t\t\t\t\t<li class=\"elementor-icon-list-item\">\n\t\t\t\t\t\t\t\t\t\t\t<a href=\"http:\/\/org.jets@gmail.com\">\n\n\t\t\t\t\t\t\t\t\t\t\t\t<span class=\"elementor-icon-list-icon\">\n\t\t\t\t\t\t\t<i aria-hidden=\"true\" class=\"far fa-envelope\"><\/i>\t\t\t\t\t\t<\/span>\n\t\t\t\t\t\t\t\t\t\t<span class=\"elementor-icon-list-text\">org.jets@gmail.com<\/span>\n\t\t\t\t\t\t\t\t\t\t\t<\/a>\n\t\t\t\t\t\t\t\t\t<\/li>\n\t\t\t\t\t\t\t\t<li class=\"elementor-icon-list-item\">\n\t\t\t\t\t\t\t\t\t\t\t<a href=\"https:\/\/www.instagram.com\/Jets_ong\/\">\n\n\t\t\t\t\t\t\t\t\t\t\t\t<span class=\"elementor-icon-list-icon\">\n\t\t\t\t\t\t\t<i aria-hidden=\"true\" class=\"fab fa-instagram\"><\/i>\t\t\t\t\t\t<\/span>\n\t\t\t\t\t\t\t\t\t\t<span class=\"elementor-icon-list-text\">Jets_ong<\/span>\n\t\t\t\t\t\t\t\t\t\t\t<\/a>\n\t\t\t\t\t\t\t\t\t<\/li>\n\t\t\t\t\t\t\t\t<li class=\"elementor-icon-list-item\">\n\t\t\t\t\t\t\t\t\t\t\t<a href=\"https:\/\/www.facebook.com\/ong.jets\">\n\n\t\t\t\t\t\t\t\t\t\t\t\t<span class=\"elementor-icon-list-icon\">\n\t\t\t\t\t\t\t<i aria-hidden=\"true\" class=\"fab fa-facebook\"><\/i>\t\t\t\t\t\t<\/span>\n\t\t\t\t\t\t\t\t\t\t<span class=\"elementor-icon-list-text\">ong.jets<\/span>\n\t\t\t\t\t\t\t\t\t\t\t<\/a>\n\t\t\t\t\t\t\t\t\t<\/li>\n\t\t\t\t\t\t\t\t<li class=\"elementor-icon-list-item\">\n\t\t\t\t\t\t\t\t\t\t\t<a href=\"http:\/\/wa.me\/5491120021021\">\n\n\t\t\t\t\t\t\t\t\t\t\t\t<span class=\"elementor-icon-list-icon\">\n\t\t\t\t\t\t\t<i aria-hidden=\"true\" class=\"fas fa-mobile-alt\"><\/i>\t\t\t\t\t\t<\/span>\n\t\t\t\t\t\t\t\t\t\t<span class=\"elementor-icon-list-text\">+549-11-2002-1021<\/span>\n\t\t\t\t\t\t\t\t\t\t\t<\/a>\n\t\t\t\t\t\t\t\t\t<\/li>\n\t\t\t\t\t\t\t\t<li class=\"elementor-icon-list-item\">\n\t\t\t\t\t\t\t\t\t\t\t<span class=\"elementor-icon-list-icon\">\n\t\t\t\t\t\t\t<i aria-hidden=\"true\" class=\"fas fa-map-marker-alt\"><\/i>\t\t\t\t\t\t<\/span>\n\t\t\t\t\t\t\t\t\t\t<span class=\"elementor-icon-list-text\">Avellaneda, Buenos Aires, Argentina<\/span>\n\t\t\t\t\t\t\t\t\t<\/li>\n\t\t\t\t\t\t<\/ul>\n\t\t\t\t\t\t<\/div>\n\t\t\t\t<\/div>\n\t\t\t\t\t<\/div>\n\t\t<\/div>\n\t\t\t\t<div class=\"elementor-column elementor-col-50 elementor-inner-column elementor-element elementor-element-51ed1cd\" data-id=\"51ed1cd\" data-element_type=\"column\">\n\t\t\t<div class=\"elementor-widget-wrap elementor-element-populated\">\n\t\t\t\t\t\t<div class=\"elementor-element elementor-element-d02f497 elementor-widget elementor-widget-image\" data-id=\"d02f497\" data-element_type=\"widget\" data-widget_type=\"image.default\">\n\t\t\t\t<div class=\"elementor-widget-container\">\n\t\t\t\t\t\t\t\t\t\t\t\t\t\t\t<img fetchpriority=\"high\" decoding=\"async\" width=\"498\" height=\"131\" src=\"https:\/\/www.redencuentro.org\/wp-content\/uploads\/2025\/11\/Jets.png\" class=\"attachment-large size-large wp-image-15999\" alt=\"\" srcset=\"https:\/\/www.redencuentro.org\/wp-content\/uploads\/2025\/11\/Jets.png 498w, https:\/\/www.redencuentro.org\/wp-content\/uploads\/2025\/11\/Jets-300x79.png 300w\" sizes=\"(max-width: 498px) 100vw, 498px\" \/>\t\t\t\t\t\t\t\t\t\t\t\t\t\t\t<\/div>\n\t\t\t\t<\/div>\n\t\t\t\t\t<\/div>\n\t\t<\/div>\n\t\t\t\t\t<\/div>\n\t\t<\/section>\n\t\t\t\t\t<\/div>\n\t\t<\/div>\n\t\t\t\t\t<\/div>\n\t\t<\/section>\n\t\t\t\t<\/div>","protected":false},"excerpt":{"rendered":"<p>JETS La Organizaci\u00f3n para el desarrollo de la Juventud, la Educaci\u00f3n, el Trabajo y la Sustentabilidad tiene sus or\u00edgenes en un grupo de personas criticas de las realidades de los distintos \u00e1mbitos en los que hoy trabaja, con voluntad de cambio, a trav\u00e9s de acciones planificadas y desarrolladas desde la organizaci\u00f3n y en algunos casos [&hellip;]<\/p>","protected":false},"author":3,"featured_media":0,"parent":15625,"menu_order":0,"comment_status":"closed","ping_status":"closed","template":"elementor_header_footer","meta":{"footnotes":""},"class_list":["post-15994","page","type-page","status-publish","hentry"],"_links":{"self":[{"href":"https:\/\/www.redencuentro.org\/en\/wp-json\/wp\/v2\/pages\/15994","targetHints":{"allow":["GET"]}}],"collection":[{"href":"https:\/\/www.redencuentro.org\/en\/wp-json\/wp\/v2\/pages"}],"about":[{"href":"https:\/\/www.redencuentro.org\/en\/wp-json\/wp\/v2\/types\/page"}],"author":[{"embeddable":true,"href":"https:\/\/www.redencuentro.org\/en\/wp-json\/wp\/v2\/users\/3"}],"replies":[{"embeddable":true,"href":"https:\/\/www.redencuentro.org\/en\/wp-json\/wp\/v2\/comments?post=15994"}],"version-history":[{"count":10,"href":"https:\/\/www.redencuentro.org\/en\/wp-json\/wp\/v2\/pages\/15994\/revisions"}],"predecessor-version":[{"id":16253,"href":"https:\/\/www.redencuentro.org\/en\/wp-json\/wp\/v2\/pages\/15994\/revisions\/16253"}],"up":[{"embeddable":true,"href":"https:\/\/www.redencuentro.org\/en\/wp-json\/wp\/v2\/pages\/15625"}],"wp:attachment":[{"href":"https:\/\/www.redencuentro.org\/en\/wp-json\/wp\/v2\/media?parent=15994"}],"curies":[{"name":"wp","href":"https:\/\/api.w.org\/{rel}","templated":true}]}}